{"id":22,"date":"2020-01-24T08:53:37","date_gmt":"2020-01-24T07:53:37","guid":{"rendered":"https:\/\/www.w-d-s.eu\/?page_id=22"},"modified":"2020-01-24T08:53:37","modified_gmt":"2020-01-24T07:53:37","slug":"ueber-wds","status":"publish","type":"page","link":"https:\/\/w-d-s.eu\/?page_id=22","title":{"rendered":"\u00dcber WDS"},"content":{"rendered":"\n<p>Die Firma Wiederstein-DJ-Solutions (WDS) ist ein Dienstleistungsunternehmen, welches seit 2017 im professionellen DJ-Business agiert.<\/p>\n\n\n\n<p>DJ Tom sorgt bei jeder Veranstaltung f\u00fcr die richtige Stimmung.<\/p>\n\n\n\n<p>DJ Tom versucht auf jeder Feier oder Party die bestm\u00f6gliche Atmosph\u00e4re f\u00fcr die G\u00e4ste herzustellen.<\/p>\n\n\n\n<p>Auch bietet WDS Tontechnik f\u00fcr den perfekten Sound auf Ihrer Veranstaltung und\/oder Lichteffekte und Nebel an. Oft kommen wir mit jeder Location zurecht: Vom Partykeller \u00fcber die Lounge-Bar und dem Festsaal bis hin zur gro\u00dfen Partyhalle.<\/p>\n","protected":false},"excerpt":{"rendered":"<p>Die Firma Wiederstein-DJ-Solutions (WDS) ist ein Dienstleistungsunternehmen, welches seit 2017 im professionellen DJ-Business agiert. DJ Tom sorgt bei jeder Veranstaltung f\u00fcr die richtige Stimmung. DJ Tom versucht auf jeder Feier oder Party die bestm\u00f6gliche Atmosph\u00e4re f\u00fcr die G\u00e4ste herzustellen. Auch bietet WDS Tontechnik f\u00fcr den perfekten Sound auf Ihrer Veranstaltung und\/oder Lichteffekte und Nebel an. &hellip; <a href=\"https:\/\/w-d-s.eu\/?page_id=22\" class=\"more-link\"><span class=\"screen-reader-text\">\u00dcber WDS<\/span> weiterlesen<\/a><\/p>\n","protected":false},"author":1,"featured_media":0,"parent":0,"menu_order":3,"comment_status":"closed","ping_status":"closed","template":"","meta":{"footnotes":""},"class_list":["post-22","page","type-page","status-publish","hentry"],"_links":{"self":[{"href":"https:\/\/w-d-s.eu\/index.php?rest_route=\/wp\/v2\/pages\/22","targetHints":{"allow":["GET"]}}],"collection":[{"href":"https:\/\/w-d-s.eu\/index.php?rest_route=\/wp\/v2\/pages"}],"about":[{"href":"https:\/\/w-d-s.eu\/index.php?rest_route=\/wp\/v2\/types\/page"}],"author":[{"embeddable":true,"href":"https:\/\/w-d-s.eu\/index.php?rest_route=\/wp\/v2\/users\/1"}],"replies":[{"embeddable":true,"href":"https:\/\/w-d-s.eu\/index.php?rest_route=%2Fwp%2Fv2%2Fcomments&post=22"}],"version-history":[{"count":1,"href":"https:\/\/w-d-s.eu\/index.php?rest_route=\/wp\/v2\/pages\/22\/revisions"}],"predecessor-version":[{"id":23,"href":"https:\/\/w-d-s.eu\/index.php?rest_route=\/wp\/v2\/pages\/22\/revisions\/23"}],"wp:attachment":[{"href":"https:\/\/w-d-s.eu\/index.php?rest_route=%2Fwp%2Fv2%2Fmedia&parent=22"}],"curies":[{"name":"wp","href":"https:\/\/api.w.org\/{rel}","templated":true}]}}