{"id":30,"date":"2020-01-24T08:57:10","date_gmt":"2020-01-24T07:57:10","guid":{"rendered":"https:\/\/www.w-d-s.eu\/?page_id=30"},"modified":"2023-05-12T16:48:38","modified_gmt":"2023-05-12T14:48:38","slug":"kontakt","status":"publish","type":"page","link":"https:\/\/w-d-s.eu\/?page_id=30","title":{"rendered":"Kontakt"},"content":{"rendered":"\n<p>Hier k\u00f6nnen Sie mich kontaktieren, falls Sie Interesse an meinen Dienstleistungen haben.<\/p>\n\n\n\n<p>Au\u00dferdem k\u00f6nnen Sie hier gerne Fragen oder sonstige Nachrichten an mich \u00fcbermitteln.<\/p>\n\n\n\n<p>Ihnen fehlt noch die richtige Mischung aus Musik und Unterhaltung f\u00fcr Ihre Veranstaltung? Dann versuchen Sie es doch mal mit DJ Tom von WDS. Ich freue mich auf Ihre Kontaktaufnahme.<\/p>\n\n\n<div class=\"wpforms-container wpforms-container-full wpforms-block wpforms-block-4511e748-c3b1-4aca-b8cf-4399f53ac865 wpforms-render-modern\" id=\"wpforms-38\"><form id=\"wpforms-form-38\" class=\"wpforms-validate wpforms-form wpforms-ajax-form\" data-formid=\"38\" method=\"post\" enctype=\"multipart\/form-data\" action=\"\/index.php?rest_route=%2Fwp%2Fv2%2Fpages%2F30\" data-token=\"f105cee0e13171acaf1dca950c83ef16\" data-token-time=\"1776774836\"><noscript class=\"wpforms-error-noscript\">Bitte aktiviere JavaScript in deinem Browser, um dieses Formular fertigzustellen.<\/noscript><div id=\"wpforms-error-noscript\" style=\"display: none;\">Bitte aktiviere JavaScript in deinem Browser, um dieses Formular fertigzustellen.<\/div><div class=\"wpforms-field-container\"><div id=\"wpforms-38-field_0-container\" class=\"wpforms-field wpforms-field-name\" data-field-id=\"0\"><fieldset><legend class=\"wpforms-field-label\">Name <span class=\"wpforms-required-label\" aria-hidden=\"true\">*<\/span><\/legend><div class=\"wpforms-field-row wpforms-field-large\"><div class=\"wpforms-field-row-block wpforms-first wpforms-one-half\"><input type=\"text\" id=\"wpforms-38-field_0\" class=\"wpforms-field-name-first wpforms-field-required\" name=\"wpforms[fields][0][first]\" aria-errormessage=\"wpforms-38-field_0-error\" required><label for=\"wpforms-38-field_0\" class=\"wpforms-field-sublabel after\">Vorname<\/label><\/div><div class=\"wpforms-field-row-block wpforms-one-half\"><input type=\"text\" id=\"wpforms-38-field_0-last\" class=\"wpforms-field-name-last wpforms-field-required\" name=\"wpforms[fields][0][last]\" aria-errormessage=\"wpforms-38-field_0-last-error\" required><label for=\"wpforms-38-field_0-last\" class=\"wpforms-field-sublabel after\">Nachname<\/label><\/div><\/div><\/fieldset><\/div><div id=\"wpforms-38-field_1-container\" class=\"wpforms-field wpforms-field-email\" data-field-id=\"1\"><label class=\"wpforms-field-label\" for=\"wpforms-38-field_1\">E-Mail Adresse <span class=\"wpforms-required-label\" aria-hidden=\"true\">*<\/span><\/label><input type=\"email\" id=\"wpforms-38-field_1\" class=\"wpforms-field-large wpforms-field-required\" name=\"wpforms[fields][1]\" spellcheck=\"false\" aria-errormessage=\"wpforms-38-field_1-error\" required><\/div><div id=\"wpforms-38-field_2-container\" class=\"wpforms-field wpforms-field-textarea\" data-field-id=\"2\"><label class=\"wpforms-field-label\" for=\"wpforms-38-field_2\">Nachricht<\/label><textarea id=\"wpforms-38-field_2\" class=\"wpforms-field-medium wpforms-limit-characters-enabled\" data-form-id=\"38\" data-field-id=\"2\" data-text-limit=\"1024\" name=\"wpforms[fields][2]\" aria-errormessage=\"wpforms-38-field_2-error\" maxlength=\"1024\" ><\/textarea><\/div><\/div><!-- .wpforms-field-container --><div class=\"wpforms-submit-container\" ><input type=\"hidden\" name=\"wpforms[id]\" value=\"38\"><input type=\"hidden\" name=\"page_title\" value=\"\"><input type=\"hidden\" name=\"page_url\" value=\"https:\/\/w-d-s.eu\/index.php?rest_route=\/wp\/v2\/pages\/30\"><input type=\"hidden\" name=\"url_referer\" value=\"\"><button type=\"submit\" name=\"wpforms[submit]\" id=\"wpforms-submit-38\" class=\"wpforms-submit\" data-alt-text=\"Sendet...\" data-submit-text=\"Absenden\" aria-live=\"assertive\" value=\"wpforms-submit\">Absenden<\/button><img loading=\"lazy\" decoding=\"async\" src=\"https:\/\/w-d-s.eu\/wp-content\/plugins\/wpforms-lite\/assets\/images\/submit-spin.svg\" class=\"wpforms-submit-spinner\" style=\"display: none;\" width=\"26\" height=\"26\" alt=\"Wird geladen\"><\/div><\/form><\/div>  <!-- .wpforms-container -->","protected":false},"excerpt":{"rendered":"<p>Hier k\u00f6nnen Sie mich kontaktieren, falls Sie Interesse an meinen Dienstleistungen haben. Au\u00dferdem k\u00f6nnen Sie hier gerne Fragen oder sonstige Nachrichten an mich \u00fcbermitteln. Ihnen fehlt noch die richtige Mischung aus Musik und Unterhaltung f\u00fcr Ihre Veranstaltung? Dann versuchen Sie es doch mal mit DJ Tom von WDS. Ich freue mich auf Ihre Kontaktaufnahme.<\/p>\n","protected":false},"author":1,"featured_media":0,"parent":0,"menu_order":4,"comment_status":"closed","ping_status":"closed","template":"","meta":{"footnotes":""},"class_list":["post-30","page","type-page","status-publish","hentry"],"_links":{"self":[{"href":"https:\/\/w-d-s.eu\/index.php?rest_route=\/wp\/v2\/pages\/30","targetHints":{"allow":["GET"]}}],"collection":[{"href":"https:\/\/w-d-s.eu\/index.php?rest_route=\/wp\/v2\/pages"}],"about":[{"href":"https:\/\/w-d-s.eu\/index.php?rest_route=\/wp\/v2\/types\/page"}],"author":[{"embeddable":true,"href":"https:\/\/w-d-s.eu\/index.php?rest_route=\/wp\/v2\/users\/1"}],"replies":[{"embeddable":true,"href":"https:\/\/w-d-s.eu\/index.php?rest_route=%2Fwp%2Fv2%2Fcomments&post=30"}],"version-history":[{"count":3,"href":"https:\/\/w-d-s.eu\/index.php?rest_route=\/wp\/v2\/pages\/30\/revisions"}],"predecessor-version":[{"id":45,"href":"https:\/\/w-d-s.eu\/index.php?rest_route=\/wp\/v2\/pages\/30\/revisions\/45"}],"wp:attachment":[{"href":"https:\/\/w-d-s.eu\/index.php?rest_route=%2Fwp%2Fv2%2Fmedia&parent=30"}],"curies":[{"name":"wp","href":"https:\/\/api.w.org\/{rel}","templated":true}]}}